{"id":957,"date":"2022-07-08T08:03:03","date_gmt":"2022-07-08T08:03:03","guid":{"rendered":"http:\/\/cultivandoigualdad.org\/ci\/?page_id=957"},"modified":"2022-07-08T08:04:57","modified_gmt":"2022-07-08T08:04:57","slug":"campana-covid-19","status":"publish","type":"page","link":"http:\/\/cultivandoigualdad.org\/ci\/index.php\/campana-covid-19","title":{"rendered":"Campa\u00f1a \u00abCOVID-19\u00bb"},"content":{"rendered":"\n<p>Ante la emergencia sanitaria provocada por la COVID-19 en 2020 en Espa\u00f1a y en todo el mundo, muchas mujeres y ni\u00f1os\/as se quedaron aisladas\/os en sus casas donde sufr\u00edan violencia machista. Por ello, el Gobierno puso en marcha un Plan de Contingencia contra la Violencia de G\u00e9nero que inclu\u00eda diversas medidas para facilitar la denuncia y salida de la situaci\u00f3n de maltrato, manteniendo a su vez el funcionamiento de los recursos de atenci\u00f3n a v\u00edctimas.<\/p>\n\n\n\n<p>Desde FADEMUR nunca hemos dejado de acompa\u00f1ar a estas mujeres en situaci\u00f3n de especial vulnerabilidad y de triple aislamiento: por la violencia de control que sufren, por vivir en pueblos aislados geogr\u00e1ficamente, y por el aislamiento social provocado por la pandemia. Llevamos a cabo una campa\u00f1a de sensibilizaci\u00f3n en redes sociales para concienciar al entorno social sobre c\u00f3mo ayudar a las v\u00edctimas, y para que las mujeres supieran c\u00f3mo actuar en una situaci\u00f3n de riesgo durante el confinamiento:<\/p>\n\n\n\n<div class=\"wp-block-columns is-layout-flex wp-container-core-columns-is-layout-1 wp-block-columns-is-layout-flex\">\n<div class=\"wp-block-column is-layout-flow wp-block-column-is-layout-flow\">\n<figure class=\"wp-block-image size-full\"><img loading=\"lazy\" decoding=\"async\" width=\"549\" height=\"549\" src=\"http:\/\/cultivandoigualdad.org\/ci\/wp-content\/uploads\/2021\/11\/FormacionViolenciadeGenero_1_2021.jpg\" alt=\"\" class=\"wp-image-845\" srcset=\"http:\/\/cultivandoigualdad.org\/ci\/wp-content\/uploads\/2021\/11\/FormacionViolenciadeGenero_1_2021.jpg 549w, http:\/\/cultivandoigualdad.org\/ci\/wp-content\/uploads\/2021\/11\/FormacionViolenciadeGenero_1_2021-300x300.jpg 300w, http:\/\/cultivandoigualdad.org\/ci\/wp-content\/uploads\/2021\/11\/FormacionViolenciadeGenero_1_2021-150x150.jpg 150w, http:\/\/cultivandoigualdad.org\/ci\/wp-content\/uploads\/2021\/11\/FormacionViolenciadeGenero_1_2021-100x100.jpg 100w\" sizes=\"auto, (max-width: 549px) 100vw, 549px\" \/><\/figure>\n<\/div>\n\n\n\n<div class=\"wp-block-column is-layout-flow wp-block-column-is-layout-flow\">\n<figure class=\"wp-block-image size-full\"><img loading=\"lazy\" decoding=\"async\" width=\"577\" height=\"577\" src=\"http:\/\/cultivandoigualdad.org\/ci\/wp-content\/uploads\/2021\/11\/FormacionViolenciadeGenero_2_2021.jpg\" alt=\"\" class=\"wp-image-846\" srcset=\"http:\/\/cultivandoigualdad.org\/ci\/wp-content\/uploads\/2021\/11\/FormacionViolenciadeGenero_2_2021.jpg 577w, http:\/\/cultivandoigualdad.org\/ci\/wp-content\/uploads\/2021\/11\/FormacionViolenciadeGenero_2_2021-300x300.jpg 300w, http:\/\/cultivandoigualdad.org\/ci\/wp-content\/uploads\/2021\/11\/FormacionViolenciadeGenero_2_2021-150x150.jpg 150w, http:\/\/cultivandoigualdad.org\/ci\/wp-content\/uploads\/2021\/11\/FormacionViolenciadeGenero_2_2021-100x100.jpg 100w\" sizes=\"auto, (max-width: 577px) 100vw, 577px\" \/><\/figure>\n<\/div>\n<\/div>\n\n\n\n<p>Tambi\u00e9n siendo conscientes de que la pandemia no solo no fren\u00f3 la violencia contra las mujeres, sino que precisamente tras el per\u00edodo de confinamiento estricto fue cuando empezaron a salir a la luz m\u00e1s casos. Por ejemplo, con el repunte de asesinatos machistas que se produjo durante el segundo semestre del a\u00f1o 2021, de los cuales m\u00e1s de la mitad ocurrieron en municipios rurales. Por ello, adem\u00e1s de la campa\u00f1a que realizamos durante los meses con restricciones sociales m\u00e1s estrictas, tambi\u00e9n despu\u00e9s en la segunda edici\u00f3n del programa incorporamos talleres espec\u00edficos sobre violencia de g\u00e9nero y COVID-19 que realizamos con profesionales y poblaci\u00f3n del medio rural.\u00a0 <strong>Se realizaron durante el 2021 un total de 7 talleres en los que participaron 50 personas.<\/strong><\/p>\n\n\n\n<p><\/p>\n","protected":false},"excerpt":{"rendered":"<p>Ante la emergencia sanitaria provocada por la COVID-19 en 2020 en Espa\u00f1a y en todo el mundo, muchas mujeres y ni\u00f1os\/as se quedaron aisladas\/os en &hellip; <\/p>\n","protected":false},"author":1,"featured_media":0,"parent":0,"menu_order":0,"comment_status":"closed","ping_status":"closed","template":"","meta":{"footnotes":""},"class_list":["post-957","page","type-page","status-publish","hentry","latest_post"],"_links":{"self":[{"href":"http:\/\/cultivandoigualdad.org\/ci\/index.php\/wp-json\/wp\/v2\/pages\/957","targetHints":{"allow":["GET"]}}],"collection":[{"href":"http:\/\/cultivandoigualdad.org\/ci\/index.php\/wp-json\/wp\/v2\/pages"}],"about":[{"href":"http:\/\/cultivandoigualdad.org\/ci\/index.php\/wp-json\/wp\/v2\/types\/page"}],"author":[{"embeddable":true,"href":"http:\/\/cultivandoigualdad.org\/ci\/index.php\/wp-json\/wp\/v2\/users\/1"}],"replies":[{"embeddable":true,"href":"http:\/\/cultivandoigualdad.org\/ci\/index.php\/wp-json\/wp\/v2\/comments?post=957"}],"version-history":[{"count":2,"href":"http:\/\/cultivandoigualdad.org\/ci\/index.php\/wp-json\/wp\/v2\/pages\/957\/revisions"}],"predecessor-version":[{"id":959,"href":"http:\/\/cultivandoigualdad.org\/ci\/index.php\/wp-json\/wp\/v2\/pages\/957\/revisions\/959"}],"wp:attachment":[{"href":"http:\/\/cultivandoigualdad.org\/ci\/index.php\/wp-json\/wp\/v2\/media?parent=957"}],"curies":[{"name":"wp","href":"https:\/\/api.w.org\/{rel}","templated":true}]}}