{"id":941,"date":"2022-01-21T12:15:43","date_gmt":"2022-01-21T12:15:43","guid":{"rendered":"http:\/\/cultivandoigualdad.org\/ci\/?page_id=941"},"modified":"2022-07-13T07:05:11","modified_gmt":"2022-07-13T07:05:11","slug":"spot-campana-2021","status":"publish","type":"page","link":"http:\/\/cultivandoigualdad.org\/ci\/index.php\/spot-campana-2021","title":{"rendered":"Spot campa\u00f1a 2021"},"content":{"rendered":"\n<h3 class=\"wp-block-heading\">\u00bfSabr\u00edas identificar un caso de violencia de g\u00e9nero en tu pueblo? \u00bfY c\u00f3mo ayudar a la v\u00edctima?<\/h3>\n\n\n\n<p>En el medio rural, esto puede ser m\u00e1s dif\u00edcil que en una ciudad, lo cual tiene un reflejo en las cifras de los asesinatos machistas: en 2021, el 40,8% de los asesinatos por violencia de g\u00e9nero se produjeron en municipios de menos de 20.000 habitantes, a pesar de que el porcentaje de mujeres que viven en estos municipios es inferior al 20%. Por eso, las mujeres rurales trabajamos para sensibilizar a nuestras comunidades con herramientas como este spot.<\/p>\n\n\n\n<figure class=\"wp-block-embed is-type-video is-provider-youtube wp-block-embed-youtube wp-embed-aspect-16-9 wp-has-aspect-ratio\"><div class=\"wp-block-embed__wrapper\">\n<iframe loading=\"lazy\" title=\"Cultivando Igualdad (spot 2021)\" width=\"840\" height=\"473\" src=\"https:\/\/www.youtube.com\/embed\/kMcaEJweq9c?feature=oembed\" frameborder=\"0\" allow=\"accelerometer; autoplay; clipboard-write; encrypted-media; gyroscope; picture-in-picture\" allowfullscreen><\/iframe>\n<\/div><figcaption>Spot campa\u00f1a 2021<\/figcaption><\/figure>\n","protected":false},"excerpt":{"rendered":"<p>\u00bfSabr\u00edas identificar un caso de violencia de g\u00e9nero en tu pueblo? \u00bfY c\u00f3mo ayudar a la v\u00edctima? En el medio rural, esto puede ser m\u00e1s &hellip; <\/p>\n","protected":false},"author":1,"featured_media":0,"parent":0,"menu_order":0,"comment_status":"closed","ping_status":"closed","template":"","meta":{"footnotes":""},"class_list":["post-941","page","type-page","status-publish","hentry","latest_post"],"_links":{"self":[{"href":"http:\/\/cultivandoigualdad.org\/ci\/index.php\/wp-json\/wp\/v2\/pages\/941","targetHints":{"allow":["GET"]}}],"collection":[{"href":"http:\/\/cultivandoigualdad.org\/ci\/index.php\/wp-json\/wp\/v2\/pages"}],"about":[{"href":"http:\/\/cultivandoigualdad.org\/ci\/index.php\/wp-json\/wp\/v2\/types\/page"}],"author":[{"embeddable":true,"href":"http:\/\/cultivandoigualdad.org\/ci\/index.php\/wp-json\/wp\/v2\/users\/1"}],"replies":[{"embeddable":true,"href":"http:\/\/cultivandoigualdad.org\/ci\/index.php\/wp-json\/wp\/v2\/comments?post=941"}],"version-history":[{"count":2,"href":"http:\/\/cultivandoigualdad.org\/ci\/index.php\/wp-json\/wp\/v2\/pages\/941\/revisions"}],"predecessor-version":[{"id":1017,"href":"http:\/\/cultivandoigualdad.org\/ci\/index.php\/wp-json\/wp\/v2\/pages\/941\/revisions\/1017"}],"wp:attachment":[{"href":"http:\/\/cultivandoigualdad.org\/ci\/index.php\/wp-json\/wp\/v2\/media?parent=941"}],"curies":[{"name":"wp","href":"https:\/\/api.w.org\/{rel}","templated":true}]}}