{"id":937,"date":"2022-01-21T12:05:32","date_gmt":"2022-01-21T12:05:32","guid":{"rendered":"http:\/\/cultivandoigualdad.org\/ci\/?page_id=937"},"modified":"2024-05-09T11:55:05","modified_gmt":"2024-05-09T11:55:05","slug":"aviso-legal","status":"publish","type":"page","link":"http:\/\/cultivandoigualdad.org\/ci\/index.php\/aviso-legal","title":{"rendered":"Pol\u00edtica de Privacidad"},"content":{"rendered":"\n<p class=\"has-medium-font-size\"><strong>Datos del responsable del tratamiento<\/strong><\/p>\n\n\n\n<ul class=\"wp-block-list\">\n<li>Raz\u00f3n Social:<\/li>\n\n\n\n<li>FEDERACION DE ASOCIACIONES DE MUJERES RURALES \u2013 FADEMUR-<\/li>\n\n\n\n<li>NIF: G-84095389<\/li>\n\n\n\n<li>Domicilio: Cl. Agust\u00edn de Betancourt, 17, 3\u00aa Planra, 28003 (Madrid)<\/li>\n\n\n\n<li>Email: info@fademur.es<\/li>\n\n\n\n<li>P\u00e1gina web:<a href=\"http:\/\/www.fademur.es\">www.fademur.es<\/a><\/li>\n<\/ul>\n\n\n\n<p class=\"has-medium-font-size\"><strong>Normativa aplicable<\/strong><\/p>\n\n\n\n<p>Nuestra Pol\u00edtica de Privacidad se ha dise\u00f1ado de acuerdo con el Reglamento General de Protecci\u00f3n de Datos de la UE 2016\/679 del Parlamento Europeo y del Consejo, de 27 de abril de 2016, relativo a la protecci\u00f3n de las personas f\u00edsicas en lo que respecta al tratamiento de datos personales y a la libre circulaci\u00f3n de estos datos y por el que se deroga la Directiva 95\/46\/CE (Reglamento general de protecci\u00f3n de datos), con la Ley Org\u00e1nica 3\/2018, de 5 de diciembre, de Protecci\u00f3n de Datos Personales y garant\u00eda de los derechos digitales, y su normativa de desarrollo.<\/p>\n\n\n\n<p>La organizaci\u00f3n podr\u00e1 modificar la presente pol\u00edtica de privacidad para adaptarla a las novedades legislativas, jurisprudenciales o de interpretaci\u00f3n de la Agencia Espa\u00f1ola de Protecci\u00f3n de Datos. Estas condiciones de privacidad podr\u00e1n ser complementadas por el Aviso Legal, Pol\u00edtica de Cookies y las Condiciones Generales que, en su caso, se recojan para la venta de determinados productos o servicios, si dicho acceso supone alguna especialidad en materia de protecci\u00f3n de datos de car\u00e1cter personal.<\/p>\n\n\n\n<p class=\"has-medium-font-size\"><strong>Finalidad del tratamiento de los datos personales<\/strong><\/p>\n\n\n\n<p>El tratamiento que realizamos de sus datos personales responde a las siguientes finalidades:<\/p>\n\n\n\n<ul class=\"wp-block-list\">\n<li>La gesti\u00f3n administrativa, comercial y de relaci\u00f3n con&nbsp; los usuarios de la web, usuarios y proveedores de la empresa, para poder realizar el env\u00edo de la informaci\u00f3n solicitada sobre los productos y\/o servicios de la organizaci\u00f3n o sobre los servicios contratados<\/li>\n<\/ul>\n\n\n\n<p class=\"has-medium-font-size\"><strong>Legitimaci\u00f3n para tratar los datos recabados<\/strong><\/p>\n\n\n\n<ul class=\"wp-block-list\">\n<li>Formulario de contacto: La legitimaci\u00f3n para el tratamiento de sus datos es su consentimiento expreso en el momento de facilitarnos la informaci\u00f3n, manifestado a trav\u00e9s de la marcaci\u00f3n de la casilla de aceptaci\u00f3n correspondiente.<\/li>\n<\/ul>\n\n\n\n<p class=\"has-medium-font-size\"><strong>\u00bfPor cu\u00e1nto tiempo conservaremos sus datos?<\/strong><\/p>\n\n\n\n<ul class=\"wp-block-list\">\n<li>Formulario de contacto: Conservaremos sus datos personales desde que nos d\u00e9 su consentimiento hasta que lo revoque o bien solicite la limitaci\u00f3n del tratamiento. En tales casos, mantendremos sus datos de manera bloqueada durante los plazos legalmente exigidos.<\/li>\n<\/ul>\n\n\n\n<p class=\"has-medium-font-size\"><strong>Cesiones<\/strong><\/p>\n\n\n\n<p>Sus datos no ser\u00e1n cedidos, salvo:<\/p>\n\n\n\n<ul class=\"wp-block-list\">\n<li>Cumplimiento de obligaciones legales<\/li>\n\n\n\n<li>A terceras entidades en caso de que sea imprescindible para la prestaci\u00f3n del servicio.<\/li>\n<\/ul>\n\n\n\n<p class=\"has-medium-font-size\"><strong>Transferencias internacionales<\/strong><\/p>\n\n\n\n<p>No se llevar\u00e1n a cabo transferencias internacionales.<\/p>\n\n\n\n<p class=\"has-medium-font-size\"><strong>Medidas de seguridad<\/strong><\/p>\n\n\n\n<p>Dentro de nuestro compromiso por garantizar la seguridad y confidencialidad de sus datos de car\u00e1cter personal, le informamos que se han adoptado las medidas de \u00edndole t\u00e9cnica y organizativas necesarias para garantizar la seguridad de los datos de car\u00e1cter personal y evitar su alteraci\u00f3n, p\u00e9rdida, tratamiento o acceso no autorizado, habida cuenta del estado de la tecnolog\u00eda, la naturaleza de los datos almacenados y los riesgos a que est\u00e9n expuestos. No obstante, lo anterior, el usuario debe ser consciente de que las medidas de seguridad en Internet no son inexpugnables.<\/p>\n\n\n\n<p>Usted puede obtener m\u00e1s informaci\u00f3n sobre las medidas de seguridad que aplicamos contactando con nosotros en los canales indicados al inicio de la presente Pol\u00edtica de Privacidad en el apartado de identificaci\u00f3n del Responsable del tratamiento.<\/p>\n\n\n\n<p class=\"has-medium-font-size\"><strong>Derechos del Interesado<\/strong><\/p>\n\n\n\n<p>El interesado tiene los siguientes derechos en cuanto al tratamiento de sus datos personales, y podr\u00e1 ejercitar los mismos dirigi\u00e9ndose ante el Responsable del Tratamiento:<\/p>\n\n\n\n<ul class=\"wp-block-list\">\n<li>Si la base jur\u00eddica de su tratamiento es el consentimiento, derecho a retirarlo en cualquier momento, sin que esto pueda afectar al tratamiento previo a su retirada.<\/li>\n\n\n\n<li>Derecho a solicitar el acceso a sus datos personales.<\/li>\n\n\n\n<li>Derecho a solicitar su rectificaci\u00f3n si son inexactos, o bien solicitar su supresi\u00f3n (por ejemplo, si considera que ya no son necesarios para los fines que fueron recogidos).<\/li>\n\n\n\n<li>Derecho a solicitar la limitaci\u00f3n de su tratamiento, siempre que se cumpla alguna de las condiciones previstas en la normativa, en cuyo caso \u00fanicamente los conservaremos para el ejercicio o la defensa de reclamaciones.<\/li>\n\n\n\n<li>Derecho a oponerse al tratamiento, en cuyo caso dejaremos de tratar sus datos para esa finalidad, salvo por motivos leg\u00edtimos imperiosos, o el ejercicio o la defensa de posibles reclamaciones.<\/li>\n\n\n\n<li>Derecho a la portabilidad de los datos.<\/li>\n\n\n\n<li>Derecho a presentar una reclamaci\u00f3n ante la Agencia Espa\u00f1ola de Protecci\u00f3n de Datos (autoridad de control en materia de Protecci\u00f3n de Datos competente), especialmente cuando no haya obtenido satisfacci\u00f3n en el ejercicio de sus derechos:&nbsp;<a href=\"http:\/\/www.aepd.es\/\">www.aepd.es<\/a>.<\/li>\n<\/ul>\n\n\n\n<p class=\"has-small-font-size\"><strong>FEDERACI\u00d3N DE ASOCIACIONES DE MUJERES RURALES \u2013 FADEMUR \u2013 CIF: G-84095389<\/strong><\/p>\n","protected":false},"excerpt":{"rendered":"<p>Datos del responsable del tratamiento Normativa aplicable Nuestra Pol\u00edtica de Privacidad se ha dise\u00f1ado de acuerdo con el Reglamento General de Protecci\u00f3n de Datos de &hellip; <\/p>\n","protected":false},"author":1,"featured_media":0,"parent":0,"menu_order":0,"comment_status":"closed","ping_status":"closed","template":"","meta":{"footnotes":""},"class_list":["post-937","page","type-page","status-publish","hentry","latest_post"],"_links":{"self":[{"href":"http:\/\/cultivandoigualdad.org\/ci\/index.php\/wp-json\/wp\/v2\/pages\/937","targetHints":{"allow":["GET"]}}],"collection":[{"href":"http:\/\/cultivandoigualdad.org\/ci\/index.php\/wp-json\/wp\/v2\/pages"}],"about":[{"href":"http:\/\/cultivandoigualdad.org\/ci\/index.php\/wp-json\/wp\/v2\/types\/page"}],"author":[{"embeddable":true,"href":"http:\/\/cultivandoigualdad.org\/ci\/index.php\/wp-json\/wp\/v2\/users\/1"}],"replies":[{"embeddable":true,"href":"http:\/\/cultivandoigualdad.org\/ci\/index.php\/wp-json\/wp\/v2\/comments?post=937"}],"version-history":[{"count":4,"href":"http:\/\/cultivandoigualdad.org\/ci\/index.php\/wp-json\/wp\/v2\/pages\/937\/revisions"}],"predecessor-version":[{"id":1184,"href":"http:\/\/cultivandoigualdad.org\/ci\/index.php\/wp-json\/wp\/v2\/pages\/937\/revisions\/1184"}],"wp:attachment":[{"href":"http:\/\/cultivandoigualdad.org\/ci\/index.php\/wp-json\/wp\/v2\/media?parent=937"}],"curies":[{"name":"wp","href":"https:\/\/api.w.org\/{rel}","templated":true}]}}