{"id":912,"date":"2021-11-23T05:52:39","date_gmt":"2021-11-23T05:52:39","guid":{"rendered":"http:\/\/cultivandoigualdad.org\/ci\/?page_id=912"},"modified":"2025-06-16T14:40:12","modified_gmt":"2025-06-16T14:40:12","slug":"bienvenida-2","status":"publish","type":"page","link":"http:\/\/cultivandoigualdad.org\/ci\/","title":{"rendered":"Bienvenida"},"content":{"rendered":"\n<h3 class=\"wp-block-heading\">\u00bfQu\u00e9 es \u00abCultivando Igualdad?<\/h3>\n\n\n\n<p>Cultivando Igualdad es un programa de \u00e1mbito estatal de FADEMUR (Federaci\u00f3n de Asociaciones de Mujeres Rurales) destinado a la prevenci\u00f3n de la violencia de g\u00e9nero en el medio rural.&nbsp; Co-financiado por el Ministerio de Derechos Sociales, Consumo y Agenda 2030 y el Ministerio de Igualdad.<\/p>\n\n\n\n<div class=\"wp-block-columns is-layout-flex wp-container-core-columns-is-layout-1 wp-block-columns-is-layout-flex\">\n<div class=\"wp-block-column is-layout-flow wp-block-column-is-layout-flow\">\n<figure class=\"wp-block-image size-full is-resized\"><img loading=\"lazy\" decoding=\"async\" width=\"800\" height=\"258\" src=\"http:\/\/cultivandoigualdad.org\/ci\/wp-content\/uploads\/2024\/02\/logo_ministerio_2023.jpg\" alt=\"\" class=\"wp-image-1130\" style=\"width:320px\" srcset=\"http:\/\/cultivandoigualdad.org\/ci\/wp-content\/uploads\/2024\/02\/logo_ministerio_2023.jpg 800w, http:\/\/cultivandoigualdad.org\/ci\/wp-content\/uploads\/2024\/02\/logo_ministerio_2023-300x97.jpg 300w, http:\/\/cultivandoigualdad.org\/ci\/wp-content\/uploads\/2024\/02\/logo_ministerio_2023-768x248.jpg 768w, http:\/\/cultivandoigualdad.org\/ci\/wp-content\/uploads\/2024\/02\/logo_ministerio_2023-186x60.jpg 186w\" sizes=\"auto, (max-width: 800px) 100vw, 800px\" \/><\/figure>\n<\/div>\n\n\n\n<div class=\"wp-block-column is-layout-flow wp-block-column-is-layout-flow\">\n<figure class=\"wp-block-image size-large\"><img loading=\"lazy\" decoding=\"async\" width=\"1024\" height=\"448\" src=\"http:\/\/cultivandoigualdad.org\/ci\/wp-content\/uploads\/2020\/05\/2.jpg\" alt=\"\" class=\"wp-image-666\" srcset=\"http:\/\/cultivandoigualdad.org\/ci\/wp-content\/uploads\/2020\/05\/2.jpg 1024w, http:\/\/cultivandoigualdad.org\/ci\/wp-content\/uploads\/2020\/05\/2-300x131.jpg 300w, http:\/\/cultivandoigualdad.org\/ci\/wp-content\/uploads\/2020\/05\/2-768x336.jpg 768w\" sizes=\"auto, (max-width: 1024px) 100vw, 1024px\" \/><\/figure>\n<\/div>\n\n\n\n<div class=\"wp-block-column is-layout-flow wp-block-column-is-layout-flow\">\n<figure class=\"wp-block-image size-large is-resized\"><a href=\"https:\/\/fademur.es\/fademur\/\" target=\"_blank\" rel=\"noreferrer noopener\"><img loading=\"lazy\" decoding=\"async\" width=\"233\" height=\"85\" src=\"http:\/\/cultivandoigualdad.org\/ci\/wp-content\/uploads\/2020\/04\/3.jpg\" alt=\"\" class=\"wp-image-260\" style=\"width:225px\"\/><\/a><\/figure>\n<\/div>\n<\/div>\n\n\n<div class=\"wp-block-image\">\n<figure class=\"aligncenter size-large is-resized\"><img loading=\"lazy\" decoding=\"async\" width=\"1024\" height=\"275\" src=\"http:\/\/cultivandoigualdad.org\/ci\/wp-content\/uploads\/2025\/06\/Logo-Ministerio-Igualdad-3-1024x275.jpg\" alt=\"\" class=\"wp-image-1307\" style=\"width:377px;height:auto\" srcset=\"http:\/\/cultivandoigualdad.org\/ci\/wp-content\/uploads\/2025\/06\/Logo-Ministerio-Igualdad-3-1024x275.jpg 1024w, http:\/\/cultivandoigualdad.org\/ci\/wp-content\/uploads\/2025\/06\/Logo-Ministerio-Igualdad-3-300x81.jpg 300w, http:\/\/cultivandoigualdad.org\/ci\/wp-content\/uploads\/2025\/06\/Logo-Ministerio-Igualdad-3-768x206.jpg 768w, http:\/\/cultivandoigualdad.org\/ci\/wp-content\/uploads\/2025\/06\/Logo-Ministerio-Igualdad-3-1536x412.jpg 1536w, http:\/\/cultivandoigualdad.org\/ci\/wp-content\/uploads\/2025\/06\/Logo-Ministerio-Igualdad-3-2048x550.jpg 2048w, http:\/\/cultivandoigualdad.org\/ci\/wp-content\/uploads\/2025\/06\/Logo-Ministerio-Igualdad-3-224x60.jpg 224w\" sizes=\"auto, (max-width: 1024px) 100vw, 1024px\" \/><\/figure><\/div>\n\n\n<div class=\"wp-block-buttons is-horizontal is-content-justification-center is-layout-flex wp-container-core-buttons-is-layout-1 wp-block-buttons-is-layout-flex\">\n<div class=\"wp-block-button is-style-outline is-style-outline--1\"><a class=\"wp-block-button__link wp-element-button\" href=\"http:\/\/cultivandoigualdad.org\/ci\/index.php\/cultivando-igualdad\">Conocer el programa<\/a><\/div>\n<\/div>\n\n\n\n<hr class=\"wp-block-separator has-css-opacity\"\/>\n\n\n\n<p><\/p>\n\n\n\n<h3 class=\"wp-block-heading\">Talleres<\/h3>\n\n\n\n<p>Llevamos a cabo diferentes talleres por todo el territorio nacional, orientados al empoderamiento de las mujeres rurales, a la concienciaci\u00f3n de la infancia, adolescencia, a la juventud y a mayores de 65 a\u00f1os, sobre la violencia de g\u00e9nero, conocimiento de los recursos y v\u00edas de actuaci\u00f3n disponibles en el medio rural ante esta situaci\u00f3n, as\u00ed como a la sensibilizaci\u00f3n acerca de la diversidad y de las condiciones de aquellas personas especialmente vulnerables a esta violencia. Tambi\u00e9n formamos a profesionales del mundo rural de diversos \u00e1mbitos, como polic\u00edas, trabajadores\/as sociales, profesionales de la sanidad y educaci\u00f3n, trabajadoras\/es de entidades sin \u00e1nimo de lucro, etc, agentes fundamentales en el cambio necesario para erradicar la violencia de g\u00e9nero.<\/p>\n\n\n\n<p>Si te interesa llevar a cabo alguno de estos talleres en tu localidad, <a href=\"http:\/\/cultivandoigualdad.org\/ci\/index.php\/contacto\" data-type=\"page\" data-id=\"20\">cont\u00e1ctanos<\/a>.<\/p>\n\n\n\n<div class=\"wp-block-buttons is-horizontal is-content-justification-center is-layout-flex wp-container-core-buttons-is-layout-2 wp-block-buttons-is-layout-flex\">\n<div class=\"wp-block-button has-custom-font-size is-style-outline has-small-font-size is-style-outline--2\"><a class=\"wp-block-button__link wp-element-button\" href=\"http:\/\/cultivandoigualdad.org\/ci\/index.php\/formacion-para-adolescentes\">Talleres para adolescentes<\/a><\/div>\n\n\n\n<div class=\"wp-block-button has-custom-font-size is-style-outline has-small-font-size is-style-outline--3\"><a class=\"wp-block-button__link wp-element-button\" href=\"http:\/\/cultivandoigualdad.org\/ci\/index.php\/formacion-para-profesionales\">Formaci\u00f3n para profesionales<\/a><\/div>\n\n\n\n<div class=\"wp-block-button has-custom-font-size is-style-outline has-small-font-size is-style-outline--4\"><a class=\"wp-block-button__link wp-element-button\" href=\"http:\/\/cultivandoigualdad.org\/ci\/index.php\/formacion-para-mayores-de-65-anos\">Talleres con personas mayores<\/a><\/div>\n<\/div>\n\n\n\n<div class=\"wp-block-buttons is-horizontal is-content-justification-center is-layout-flex wp-container-core-buttons-is-layout-3 wp-block-buttons-is-layout-flex\">\n<div class=\"wp-block-button has-custom-font-size is-style-outline has-small-font-size is-style-outline--5\"><a class=\"wp-block-button__link wp-element-button\" href=\"http:\/\/cultivandoigualdad.org\/ci\/index.php\/talleres-con-ninas-y-ninos\">Talleres Crecer Cultivando Igualdad para ni\u00f1os\/as<\/a><\/div>\n\n\n\n<div class=\"wp-block-button has-custom-font-size is-style-outline has-small-font-size is-style-outline--6\"><a class=\"wp-block-button__link wp-element-button\" href=\"http:\/\/cultivandoigualdad.org\/ci\/index.php\/formacion-para-adultos\">Empoderamiento de mujeres<\/a><\/div>\n\n\n\n<div class=\"wp-block-button has-custom-font-size is-style-outline has-small-font-size is-style-outline--7\"><a class=\"wp-block-button__link wp-element-button\">Talleres para poblaci\u00f3n adulta<\/a><\/div>\n<\/div>\n\n\n\n<h5 class=\"wp-block-heading\">Resumen resultados 2020-2024<\/h5>\n\n\n\n<ul style=\"font-size:17px\" class=\"wp-block-list has-black-color has-cyan-bluish-gray-background-color has-text-color has-background\">\n<li>2.130 ni\u00f1as y ni\u00f1os del medio rural han recibido los talleres<\/li>\n\n\n\n<li>4.077 adolescentes rurales sensibilizados<\/li>\n\n\n\n<li>2.165 mujeres y hombres adultas\/os del medio rural participan en los talleres del programa<\/li>\n\n\n\n<li>195 mujeres reciben formaci\u00f3n en autodefensa feminista integral<\/li>\n\n\n\n<li>471 profesionales del medio rural formados en violencia de g\u00e9nero<\/li>\n\n\n\n<li>386 personas mayores de 65 a\u00f1os del medio rural participan en los talleres del programa<\/li>\n<\/ul>\n\n\n\n<hr class=\"wp-block-separator has-css-opacity\"\/>\n\n\n\n<p><\/p>\n\n\n\n<h3 class=\"wp-block-heading\">Campa\u00f1as de sensibilizaci\u00f3n<\/h3>\n\n\n\n<p>En FADEMUR realizamos en el a\u00f1o 2020 el primer spot de sensibilizaci\u00f3n contra la violencia de g\u00e9nero espec\u00edficamente enfocado en el medio rural en el que destac\u00e1bamos la invisibilidad de la violencia en los pueblos a pesar de que todo el mundo se conozca. Desde entonces, <strong>hemos alcanzado a millones de personas con los spots que realizamos cada a\u00f1o<\/strong> poniendo el foco en diferentes problem\u00e1ticas espec\u00edficas\u201d.<\/p>\n\n\n<div class=\"wp-block-image\">\n<figure class=\"aligncenter size-large\"><a href=\"http:\/\/cultivandoigualdad.org\/ci\/index.php\/spot-campana-2022\"><img loading=\"lazy\" decoding=\"async\" width=\"1024\" height=\"394\" src=\"http:\/\/cultivandoigualdad.org\/ci\/wp-content\/uploads\/2023\/02\/Campana2022_banner-1024x394.jpg\" alt=\"\" class=\"wp-image-1076\" srcset=\"http:\/\/cultivandoigualdad.org\/ci\/wp-content\/uploads\/2023\/02\/Campana2022_banner-1024x394.jpg 1024w, http:\/\/cultivandoigualdad.org\/ci\/wp-content\/uploads\/2023\/02\/Campana2022_banner-300x115.jpg 300w, http:\/\/cultivandoigualdad.org\/ci\/wp-content\/uploads\/2023\/02\/Campana2022_banner-768x295.jpg 768w, http:\/\/cultivandoigualdad.org\/ci\/wp-content\/uploads\/2023\/02\/Campana2022_banner-156x60.jpg 156w, http:\/\/cultivandoigualdad.org\/ci\/wp-content\/uploads\/2023\/02\/Campana2022_banner.jpg 1500w\" sizes=\"auto, (max-width: 1024px) 100vw, 1024px\" \/><\/a><\/figure><\/div>\n\n\n<hr class=\"wp-block-separator has-css-opacity\"\/>\n\n\n\n<div class=\"wp-block-buttons is-layout-flex wp-block-buttons-is-layout-flex\">\n<div class=\"wp-block-button has-custom-width wp-block-button__width-100 is-style-fill\"><a class=\"wp-block-button__link has-vivid-red-background-color has-background wp-element-button\" href=\"http:\/\/cultivandoigualdad.org\/ci\/index.php\/spot-campana-2022\" style=\"border-radius:13px\">Spot Campa\u00f1a 2024<\/a><\/div>\n<\/div>\n\n\n\n<p><\/p>\n\n\n\n<h3 class=\"wp-block-heading\">Red de espacios seguros<\/h3>\n\n\n\n<p>Cuando se cre\u00f3 el programa Cultivando Igualdad en 2020, se termin\u00f3 de consolidar la Red creando los Acuerdos de Colaboraci\u00f3n que las entidades que se adhieren firman para formalizar su compromiso, los distintivos que se entregan para que las mujeres puedan reconocer los Espacios Seguros que forman parte de la Red, y los Protocolos de Actuaci\u00f3n que las y los profesionales de los Espacios Seguros deben seguir para realizar la primera acogida adecuadamente y conectar a la mujer con la red de recursos especializados.<\/p>\n\n\n\n<div class=\"wp-block-buttons is-horizontal is-content-justification-center is-layout-flex wp-container-core-buttons-is-layout-5 wp-block-buttons-is-layout-flex\">\n<div class=\"wp-block-button is-style-outline is-style-outline--8\"><a class=\"wp-block-button__link wp-element-button\" href=\"http:\/\/cultivandoigualdad.org\/ci\/index.php\/red-de-espacios-seguros\">M\u00e1s informaci\u00f3n sobre la Red de Espacios Seguros<\/a><\/div>\n<\/div>\n\n\n\n<hr class=\"wp-block-separator has-css-opacity\"\/>\n\n\n\n<p><\/p>\n\n\n\n<h3 class=\"wp-block-heading\">Estudio \u00abMujeres V\u00edctimas de Violencia de G\u00e9nero en el Mundo Rural\u00bb <\/h3>\n\n\n\n<div class=\"wp-block-columns is-layout-flex wp-container-core-columns-is-layout-2 wp-block-columns-is-layout-flex\">\n<div class=\"wp-block-column is-layout-flow wp-block-column-is-layout-flow\">\n<p> FADEMUR no solo trabaja en la sensibilizaci\u00f3n social de la violencia de g\u00e9nero en el \u00e1mbito rural, sino tambi\u00e9n en el conocimiento profundo de sus causas, consecuencias, incidencia y prevalencia. En definitiva, en la investigaci\u00f3n y la divulgaci\u00f3n del conocimiento. <\/p>\n\n\n\n<p>FADEMUR fue la organizaci\u00f3n seleccionada por la Delegaci\u00f3n de Gobierno contra la Violencia de G\u00e9nero, para la realizaci\u00f3n de un estudio sobre la situaci\u00f3n de las mujeres v\u00edctimas de violencia de g\u00e9nero en el \u00e1mbito rural en Espa\u00f1a.<\/p>\n<\/div>\n\n\n\n<div class=\"wp-block-column is-layout-flow wp-block-column-is-layout-flow\"><div class=\"wp-block-image\">\n<figure class=\"aligncenter size-medium\"><a href=\"https:\/\/violenciagenero.igualdad.gob.es\/violenciaEnCifras\/estudios\/investigaciones\/2020\/pdfs\/vg__mundorural.pdf\" target=\"_blank\" rel=\"noopener\"><img loading=\"lazy\" decoding=\"async\" width=\"210\" height=\"300\" src=\"http:\/\/cultivandoigualdad.org\/ci\/wp-content\/uploads\/2021\/11\/PortadaEstudio-210x300.jpg\" alt=\"\" class=\"wp-image-913\" srcset=\"http:\/\/cultivandoigualdad.org\/ci\/wp-content\/uploads\/2021\/11\/PortadaEstudio-210x300.jpg 210w, http:\/\/cultivandoigualdad.org\/ci\/wp-content\/uploads\/2021\/11\/PortadaEstudio-42x60.jpg 42w, http:\/\/cultivandoigualdad.org\/ci\/wp-content\/uploads\/2021\/11\/PortadaEstudio.jpg 573w\" sizes=\"auto, (max-width: 210px) 100vw, 210px\" \/><\/a><figcaption class=\"wp-element-caption\"><a href=\"https:\/\/violenciagenero.igualdad.gob.es\/violenciaEnCifras\/estudios\/investigaciones\/2020\/pdfs\/vg__mundorural.pdf\" data-type=\"URL\" data-id=\"https:\/\/violenciagenero.igualdad.gob.es\/violenciaEnCifras\/estudios\/investigaciones\/2020\/pdfs\/vg__mundorural.pdf\" target=\"_blank\" rel=\"noreferrer noopener\">Desc\u00e1rgate el estudio<\/a><\/figcaption><\/figure><\/div><\/div>\n<\/div>\n\n\n\n<hr class=\"wp-block-separator has-css-opacity\"\/>\n","protected":false},"excerpt":{"rendered":"<p>\u00bfQu\u00e9 es \u00abCultivando Igualdad? Cultivando Igualdad es un programa de \u00e1mbito estatal de FADEMUR (Federaci\u00f3n de Asociaciones de Mujeres Rurales) destinado a la prevenci\u00f3n de &hellip; <\/p>\n","protected":false},"author":1,"featured_media":0,"parent":0,"menu_order":0,"comment_status":"closed","ping_status":"closed","template":"","meta":{"footnotes":""},"class_list":["post-912","page","type-page","status-publish","hentry","latest_post"],"_links":{"self":[{"href":"http:\/\/cultivandoigualdad.org\/ci\/index.php\/wp-json\/wp\/v2\/pages\/912","targetHints":{"allow":["GET"]}}],"collection":[{"href":"http:\/\/cultivandoigualdad.org\/ci\/index.php\/wp-json\/wp\/v2\/pages"}],"about":[{"href":"http:\/\/cultivandoigualdad.org\/ci\/index.php\/wp-json\/wp\/v2\/types\/page"}],"author":[{"embeddable":true,"href":"http:\/\/cultivandoigualdad.org\/ci\/index.php\/wp-json\/wp\/v2\/users\/1"}],"replies":[{"embeddable":true,"href":"http:\/\/cultivandoigualdad.org\/ci\/index.php\/wp-json\/wp\/v2\/comments?post=912"}],"version-history":[{"count":35,"href":"http:\/\/cultivandoigualdad.org\/ci\/index.php\/wp-json\/wp\/v2\/pages\/912\/revisions"}],"predecessor-version":[{"id":1312,"href":"http:\/\/cultivandoigualdad.org\/ci\/index.php\/wp-json\/wp\/v2\/pages\/912\/revisions\/1312"}],"wp:attachment":[{"href":"http:\/\/cultivandoigualdad.org\/ci\/index.php\/wp-json\/wp\/v2\/media?parent=912"}],"curies":[{"name":"wp","href":"https:\/\/api.w.org\/{rel}","templated":true}]}}