{"id":878,"date":"2021-11-22T13:11:54","date_gmt":"2021-11-22T13:11:54","guid":{"rendered":"http:\/\/cultivandoigualdad.org\/ci\/?page_id=878"},"modified":"2022-07-15T09:40:34","modified_gmt":"2022-07-15T09:40:34","slug":"campana-semillero-de-igualdad","status":"publish","type":"page","link":"http:\/\/cultivandoigualdad.org\/ci\/index.php\/campana-semillero-de-igualdad","title":{"rendered":"Campa\u00f1a \u00abSemillero de Igualdad\u00bb"},"content":{"rendered":"\n<p>Destacamos tambi\u00e9n la campa\u00f1a llevaba a cabo en el a\u00f1o 2021 en conmemoraci\u00f3n del 8 de marzo, D\u00eda Internacional de las Mujeres, para la cual FADEMUR cre\u00f3 en el semillero \u201cCultivando Igualdad\u201d en el que inici\u00f3 una plantaci\u00f3n virtual de semillas en un mapa interactivo con mensajes de igualdad procedentes de todo el mundo, principalmente de los pueblos espa\u00f1oles, y que meses despu\u00e9s de la conmemoraci\u00f3n, sigue recogiendo semillas:<\/p>\n\n\n\n<div class=\"wp-block-buttons is-layout-flex wp-block-buttons-is-layout-flex\">\n<div class=\"wp-block-button has-custom-width wp-block-button__width-100 is-style-outline is-style-outline--1\"><a class=\"wp-block-button__link\" href=\"https:\/\/fademur.es\/fademur\/semillerodeigualdad\/\" target=\"_blank\" rel=\"noreferrer noopener\">Accede a la campa\u00f1a<\/a><\/div>\n<\/div>\n\n\n\n<p><\/p>\n\n\n\n<figure class=\"wp-block-image size-large\"><img loading=\"lazy\" decoding=\"async\" width=\"1024\" height=\"640\" src=\"http:\/\/cultivandoigualdad.org\/ci\/wp-content\/uploads\/2021\/11\/Semilleros_2021-1-1024x640.jpg\" alt=\"\" class=\"wp-image-879\" srcset=\"http:\/\/cultivandoigualdad.org\/ci\/wp-content\/uploads\/2021\/11\/Semilleros_2021-1-1024x640.jpg 1024w, http:\/\/cultivandoigualdad.org\/ci\/wp-content\/uploads\/2021\/11\/Semilleros_2021-1-300x187.jpg 300w, http:\/\/cultivandoigualdad.org\/ci\/wp-content\/uploads\/2021\/11\/Semilleros_2021-1-768x480.jpg 768w, http:\/\/cultivandoigualdad.org\/ci\/wp-content\/uploads\/2021\/11\/Semilleros_2021-1.jpg 1071w\" sizes=\"auto, (max-width: 1024px) 100vw, 1024px\" \/><\/figure>\n","protected":false},"excerpt":{"rendered":"<p>Destacamos tambi\u00e9n la campa\u00f1a llevaba a cabo en el a\u00f1o 2021 en conmemoraci\u00f3n del 8 de marzo, D\u00eda Internacional de las Mujeres, para la cual &hellip; <\/p>\n","protected":false},"author":1,"featured_media":0,"parent":0,"menu_order":0,"comment_status":"closed","ping_status":"closed","template":"","meta":{"footnotes":""},"class_list":["post-878","page","type-page","status-publish","hentry","latest_post"],"_links":{"self":[{"href":"http:\/\/cultivandoigualdad.org\/ci\/index.php\/wp-json\/wp\/v2\/pages\/878","targetHints":{"allow":["GET"]}}],"collection":[{"href":"http:\/\/cultivandoigualdad.org\/ci\/index.php\/wp-json\/wp\/v2\/pages"}],"about":[{"href":"http:\/\/cultivandoigualdad.org\/ci\/index.php\/wp-json\/wp\/v2\/types\/page"}],"author":[{"embeddable":true,"href":"http:\/\/cultivandoigualdad.org\/ci\/index.php\/wp-json\/wp\/v2\/users\/1"}],"replies":[{"embeddable":true,"href":"http:\/\/cultivandoigualdad.org\/ci\/index.php\/wp-json\/wp\/v2\/comments?post=878"}],"version-history":[{"count":3,"href":"http:\/\/cultivandoigualdad.org\/ci\/index.php\/wp-json\/wp\/v2\/pages\/878\/revisions"}],"predecessor-version":[{"id":1019,"href":"http:\/\/cultivandoigualdad.org\/ci\/index.php\/wp-json\/wp\/v2\/pages\/878\/revisions\/1019"}],"wp:attachment":[{"href":"http:\/\/cultivandoigualdad.org\/ci\/index.php\/wp-json\/wp\/v2\/media?parent=878"}],"curies":[{"name":"wp","href":"https:\/\/api.w.org\/{rel}","templated":true}]}}