{"id":855,"date":"2021-11-22T12:47:04","date_gmt":"2021-11-22T12:47:04","guid":{"rendered":"http:\/\/cultivandoigualdad.org\/ci\/?page_id=855"},"modified":"2021-11-22T13:02:45","modified_gmt":"2021-11-22T13:02:45","slug":"en-un-pueblo-todo-se-sabe-o-no","status":"publish","type":"page","link":"http:\/\/cultivandoigualdad.org\/ci\/index.php\/en-un-pueblo-todo-se-sabe-o-no","title":{"rendered":"En un pueblo todo se sabe \u00bfo no?"},"content":{"rendered":"\n<h2 class=\"wp-block-heading\">Spot publicitario<\/h2>\n\n\n\n<div class=\"wp-block-cover has-background-dim\" style=\"min-height:100px;aspect-ratio:unset;\"><img loading=\"lazy\" decoding=\"async\" width=\"796\" height=\"320\" class=\"wp-block-cover__image-background wp-image-860\" alt=\"\" src=\"http:\/\/cultivandoigualdad.org\/ci\/wp-content\/uploads\/2021\/11\/Spot_2021_2.jpg\" data-object-fit=\"cover\" srcset=\"http:\/\/cultivandoigualdad.org\/ci\/wp-content\/uploads\/2021\/11\/Spot_2021_2.jpg 796w, http:\/\/cultivandoigualdad.org\/ci\/wp-content\/uploads\/2021\/11\/Spot_2021_2-300x121.jpg 300w, http:\/\/cultivandoigualdad.org\/ci\/wp-content\/uploads\/2021\/11\/Spot_2021_2-768x309.jpg 768w\" sizes=\"auto, (max-width: 796px) 100vw, 796px\" \/><div class=\"wp-block-cover__inner-container is-layout-flow wp-block-cover-is-layout-flow\">\n<p class=\"has-text-align-center has-medium-font-size\"> En FADEMUR realizamos en el a\u00f1o 2020 el primer spot de sensibilizaci\u00f3n contra la violencia de g\u00e9nero espec\u00edficamente enfocado en el medio rural. El spot forma parte de una amplia campa\u00f1a, \u2018Cultivando Igualdad\u2019, con la que queremos llegar hasta el pueblo m\u00e1s peque\u00f1o y la v\u00edctima m\u00e1s invisible. <\/p>\n<\/div><\/div>\n\n\n\n<p><\/p>\n\n\n\n<p>Bajo el lema \u201cEn un pueblo todo se sabe, \u00bfo no?\u201d se esconde una cruda realidad de la cual solo se conoce el reflejo que nos muestran las escasas cifras al respecto: m\u00e1s del 72% de las v\u00edctimas de violencia de g\u00e9nero que viven en peque\u00f1os municipios no denuncia su situaci\u00f3n. Por tanto, el spot nos invita a reflexionar sobre la realidad de los pueblos, en las que te\u00f3ricamente todo el mundo se conoce y todo se sabe. Todo excepto lo que no se quiere saber: la violencia contra las mujeres, que se oculta por miedo al qu\u00e9 dir\u00e1n, por verg\u00fcenza, o por falta de apoyos sociales y recursos comunitarios para afrontar la salida.<\/p>\n\n\n\n<figure class=\"wp-block-embed is-provider-youtube wp-block-embed-youtube\"><div class=\"wp-block-embed__wrapper\">\n<iframe loading=\"lazy\" title=\"En un pueblo todo se sabe. O no.\" width=\"840\" height=\"473\" src=\"https:\/\/www.youtube.com\/embed\/eNLvuw9TW-w?feature=oembed\" frameborder=\"0\" allow=\"accelerometer; autoplay; clipboard-write; encrypted-media; gyroscope; picture-in-picture\" allowfullscreen><\/iframe> \n<\/div><\/figure>\n\n\n\n<p>El v\u00eddeo, adem\u00e1s, refleja situaciones de violencia invisible en tres generaciones distintas: una chica joven, una mujer adulta con hijos\/as, y una mujer mayor expuesta a una situaci\u00f3n de violencia prolongada.<\/p>\n","protected":false},"excerpt":{"rendered":"<p>Spot publicitario Bajo el lema \u201cEn un pueblo todo se sabe, \u00bfo no?\u201d se esconde una cruda realidad de la cual solo se conoce el &hellip; <\/p>\n","protected":false},"author":1,"featured_media":0,"parent":0,"menu_order":0,"comment_status":"closed","ping_status":"closed","template":"","meta":{"footnotes":""},"class_list":["post-855","page","type-page","status-publish","hentry","latest_post"],"_links":{"self":[{"href":"http:\/\/cultivandoigualdad.org\/ci\/index.php\/wp-json\/wp\/v2\/pages\/855","targetHints":{"allow":["GET"]}}],"collection":[{"href":"http:\/\/cultivandoigualdad.org\/ci\/index.php\/wp-json\/wp\/v2\/pages"}],"about":[{"href":"http:\/\/cultivandoigualdad.org\/ci\/index.php\/wp-json\/wp\/v2\/types\/page"}],"author":[{"embeddable":true,"href":"http:\/\/cultivandoigualdad.org\/ci\/index.php\/wp-json\/wp\/v2\/users\/1"}],"replies":[{"embeddable":true,"href":"http:\/\/cultivandoigualdad.org\/ci\/index.php\/wp-json\/wp\/v2\/comments?post=855"}],"version-history":[{"count":4,"href":"http:\/\/cultivandoigualdad.org\/ci\/index.php\/wp-json\/wp\/v2\/pages\/855\/revisions"}],"predecessor-version":[{"id":874,"href":"http:\/\/cultivandoigualdad.org\/ci\/index.php\/wp-json\/wp\/v2\/pages\/855\/revisions\/874"}],"wp:attachment":[{"href":"http:\/\/cultivandoigualdad.org\/ci\/index.php\/wp-json\/wp\/v2\/media?parent=855"}],"curies":[{"name":"wp","href":"https:\/\/api.w.org\/{rel}","templated":true}]}}