{"id":832,"date":"2021-11-22T12:09:35","date_gmt":"2021-11-22T12:09:35","guid":{"rendered":"http:\/\/cultivandoigualdad.org\/ci\/?page_id=832"},"modified":"2025-05-27T10:08:40","modified_gmt":"2025-05-27T10:08:40","slug":"formacion-para-mayores-de-65-anos","status":"publish","type":"page","link":"http:\/\/cultivandoigualdad.org\/ci\/index.php\/formacion-para-mayores-de-65-anos","title":{"rendered":"Talleres con personas mayores de 65 a\u00f1os"},"content":{"rendered":"\n<div class=\"wp-block-columns is-layout-flex wp-container-core-columns-is-layout-1 wp-block-columns-is-layout-flex\">\n<div class=\"wp-block-column is-layout-flow wp-block-column-is-layout-flow\" style=\"flex-basis:100%\">\n<figure class=\"wp-block-image size-large\"><img loading=\"lazy\" decoding=\"async\" width=\"2560\" height=\"1441\" src=\"http:\/\/cultivandoigualdad.org\/ci\/wp-content\/uploads\/2021\/11\/senoras-carretera-edited-scaled.jpg\" alt=\"\" class=\"wp-image-834\" srcset=\"http:\/\/cultivandoigualdad.org\/ci\/wp-content\/uploads\/2021\/11\/senoras-carretera-edited-scaled.jpg 2560w, http:\/\/cultivandoigualdad.org\/ci\/wp-content\/uploads\/2021\/11\/senoras-carretera-edited-300x169.jpg 300w, http:\/\/cultivandoigualdad.org\/ci\/wp-content\/uploads\/2021\/11\/senoras-carretera-edited-1024x576.jpg 1024w, http:\/\/cultivandoigualdad.org\/ci\/wp-content\/uploads\/2021\/11\/senoras-carretera-edited-768x432.jpg 768w, http:\/\/cultivandoigualdad.org\/ci\/wp-content\/uploads\/2021\/11\/senoras-carretera-edited-1536x864.jpg 1536w, http:\/\/cultivandoigualdad.org\/ci\/wp-content\/uploads\/2021\/11\/senoras-carretera-edited-2048x1153.jpg 2048w\" sizes=\"auto, (max-width: 2560px) 100vw, 2560px\" \/><\/figure>\n<\/div>\n<\/div>\n\n\n\n<p>El medio rural en Espa\u00f1a es un medio rural masculinizado y envejecido. Las mujeres j\u00f3venes a menudo tienen que migrar a las grandes ciudades en busca de oportunidades educativas y laborales que en sus pueblos no encuentran. El resultado es que en el medio rural perviven de manera especialmente notable los roles tradicionales sexistas que perpet\u00faan la desigualdad entre mujeres y hombres, y por tanto, la violencia de g\u00e9nero.<\/p>\n\n\n\n<figure class=\"wp-block-image size-full\"><img loading=\"lazy\" decoding=\"async\" width=\"1000\" height=\"540\" src=\"http:\/\/cultivandoigualdad.org\/ci\/wp-content\/uploads\/2023\/02\/Talleres_mayores.jpg\" alt=\"\" class=\"wp-image-1066\" srcset=\"http:\/\/cultivandoigualdad.org\/ci\/wp-content\/uploads\/2023\/02\/Talleres_mayores.jpg 1000w, http:\/\/cultivandoigualdad.org\/ci\/wp-content\/uploads\/2023\/02\/Talleres_mayores-300x162.jpg 300w, http:\/\/cultivandoigualdad.org\/ci\/wp-content\/uploads\/2023\/02\/Talleres_mayores-768x415.jpg 768w, http:\/\/cultivandoigualdad.org\/ci\/wp-content\/uploads\/2023\/02\/Talleres_mayores-111x60.jpg 111w\" sizes=\"auto, (max-width: 1000px) 100vw, 1000px\" \/><\/figure>\n\n\n\n<p>Las mujeres mayores de 65 a\u00f1os son consideradas un colectivo en situaci\u00f3n de especial vulnerabilidad frente a la violencia de g\u00e9nero, dado que sufren una doble discriminaci\u00f3n por edad y por g\u00e9nero. Si a ello le sumamos la discriminaci\u00f3n por ruralidad, nos encontramos con una discriminaci\u00f3n m\u00faltiple que sufren muchas mujeres mayores que viven en los pueblos.<\/p>\n\n\n\n<p>Adem\u00e1s, la violencia que sufren est\u00e1 especialmente invisibilizada, ya que ni los recursos especializados ni las campa\u00f1as de sensibilizaci\u00f3n se enfocan en este colectivo.<\/p>\n\n\n\n<blockquote class=\"wp-block-quote is-layout-flow wp-block-quote-is-layout-flow\">\n<p><strong>Desde FADEMUR reivindicamos el derecho de las mujeres mayores de nuestros pueblos a vivir una vida libre de violencia y desigualdad a cualquier edad, porque nunca es tarde para denunciar. Por eso, realizamos talleres sobre relaciones igualitarias y prevenci\u00f3n de la violencia de g\u00e9nero dirigidos a mujeres y hombres mayores de 65 a\u00f1os del medio rural espa\u00f1ol.<\/strong><\/p>\n<\/blockquote>\n\n\n\n<div class=\"wp-block-cover\"><span aria-hidden=\"true\" class=\"wp-block-cover__background has-background-dim\" style=\"background-color:#7c7381\"><\/span><img loading=\"lazy\" decoding=\"async\" width=\"1024\" height=\"461\" class=\"wp-block-cover__image-background wp-image-1269\" alt=\"\" src=\"http:\/\/cultivandoigualdad.org\/ci\/wp-content\/uploads\/2025\/05\/Mayores-Resultados.jpg\" data-object-fit=\"cover\" srcset=\"http:\/\/cultivandoigualdad.org\/ci\/wp-content\/uploads\/2025\/05\/Mayores-Resultados.jpg 1024w, http:\/\/cultivandoigualdad.org\/ci\/wp-content\/uploads\/2025\/05\/Mayores-Resultados-300x135.jpg 300w, http:\/\/cultivandoigualdad.org\/ci\/wp-content\/uploads\/2025\/05\/Mayores-Resultados-768x346.jpg 768w, http:\/\/cultivandoigualdad.org\/ci\/wp-content\/uploads\/2025\/05\/Mayores-Resultados-133x60.jpg 133w\" sizes=\"auto, (max-width: 1024px) 100vw, 1024px\" \/><div class=\"wp-block-cover__inner-container is-layout-flow wp-block-cover-is-layout-flow\">\n<p class=\"has-text-align-center\" style=\"font-size:24px\"><strong>Desde que en el a\u00f1o 2021 se empezaron a implementar los talleres dirigidos a personas mayores de 65 a\u00f1os, han participado en ellos 386 mujeres y hombres, sensibilizadas en violencia de g\u00e9nero. Con una gran proyecci\u00f3n de aumento para este a\u00f1o 2025.<\/strong><\/p>\n<\/div><\/div>\n\n\n\n<figure class=\"wp-block-image size-full\"><img loading=\"lazy\" decoding=\"async\" width=\"1600\" height=\"831\" src=\"http:\/\/cultivandoigualdad.org\/ci\/wp-content\/uploads\/2025\/05\/Mayores.jpg\" alt=\"\" class=\"wp-image-1278\" srcset=\"http:\/\/cultivandoigualdad.org\/ci\/wp-content\/uploads\/2025\/05\/Mayores.jpg 1600w, http:\/\/cultivandoigualdad.org\/ci\/wp-content\/uploads\/2025\/05\/Mayores-300x156.jpg 300w, http:\/\/cultivandoigualdad.org\/ci\/wp-content\/uploads\/2025\/05\/Mayores-1024x532.jpg 1024w, http:\/\/cultivandoigualdad.org\/ci\/wp-content\/uploads\/2025\/05\/Mayores-768x399.jpg 768w, http:\/\/cultivandoigualdad.org\/ci\/wp-content\/uploads\/2025\/05\/Mayores-1536x798.jpg 1536w, http:\/\/cultivandoigualdad.org\/ci\/wp-content\/uploads\/2025\/05\/Mayores-116x60.jpg 116w\" sizes=\"auto, (max-width: 1600px) 100vw, 1600px\" \/><\/figure>\n","protected":false},"excerpt":{"rendered":"<p>El medio rural en Espa\u00f1a es un medio rural masculinizado y envejecido. Las mujeres j\u00f3venes a menudo tienen que migrar a las grandes ciudades en &hellip; <\/p>\n","protected":false},"author":1,"featured_media":0,"parent":0,"menu_order":0,"comment_status":"closed","ping_status":"closed","template":"","meta":{"footnotes":""},"class_list":["post-832","page","type-page","status-publish","hentry","latest_post"],"_links":{"self":[{"href":"http:\/\/cultivandoigualdad.org\/ci\/index.php\/wp-json\/wp\/v2\/pages\/832","targetHints":{"allow":["GET"]}}],"collection":[{"href":"http:\/\/cultivandoigualdad.org\/ci\/index.php\/wp-json\/wp\/v2\/pages"}],"about":[{"href":"http:\/\/cultivandoigualdad.org\/ci\/index.php\/wp-json\/wp\/v2\/types\/page"}],"author":[{"embeddable":true,"href":"http:\/\/cultivandoigualdad.org\/ci\/index.php\/wp-json\/wp\/v2\/users\/1"}],"replies":[{"embeddable":true,"href":"http:\/\/cultivandoigualdad.org\/ci\/index.php\/wp-json\/wp\/v2\/comments?post=832"}],"version-history":[{"count":10,"href":"http:\/\/cultivandoigualdad.org\/ci\/index.php\/wp-json\/wp\/v2\/pages\/832\/revisions"}],"predecessor-version":[{"id":1279,"href":"http:\/\/cultivandoigualdad.org\/ci\/index.php\/wp-json\/wp\/v2\/pages\/832\/revisions\/1279"}],"wp:attachment":[{"href":"http:\/\/cultivandoigualdad.org\/ci\/index.php\/wp-json\/wp\/v2\/media?parent=832"}],"curies":[{"name":"wp","href":"https:\/\/api.w.org\/{rel}","templated":true}]}}