{"id":805,"date":"2021-11-11T13:21:12","date_gmt":"2021-11-11T13:21:12","guid":{"rendered":"http:\/\/cultivandoigualdad.org\/ci\/?page_id=805"},"modified":"2025-05-27T09:51:13","modified_gmt":"2025-05-27T09:51:13","slug":"formacion-para-adultos","status":"publish","type":"page","link":"http:\/\/cultivandoigualdad.org\/ci\/index.php\/formacion-para-adultos","title":{"rendered":"Talleres con poblaci\u00f3n adulta"},"content":{"rendered":"\n<div class=\"wp-block-columns is-layout-flex wp-container-core-columns-is-layout-1 wp-block-columns-is-layout-flex\">\n<div class=\"wp-block-column is-layout-flow wp-block-column-is-layout-flow\" style=\"flex-basis:100%\">\n<p>Est\u00e1n dirigidos a hombres y mujeres rurales, y promueven la participaci\u00f3n de ambos para desnaturalizar los roles de g\u00e9nero asignados a mujeres y hombres que perpet\u00faan la situaci\u00f3n de desigualdad. Se dividen en tres grandes bloques de contenidos:<\/p>\n<\/div>\n<\/div>\n\n\n\n<div class=\"wp-block-columns is-layout-flex wp-container-core-columns-is-layout-2 wp-block-columns-is-layout-flex\">\n<div class=\"wp-block-column is-layout-flow wp-block-column-is-layout-flow\">\n<h2 class=\"wp-block-heading\"><strong>Reconocimiento de la violencia y empoderamiento femenino<\/strong><\/h2>\n\n\n\n<p>Destinados a mujeres adultas de todas las edades que vivan en municipios rurales, para proporcionar las herramientas que les ayuden a reconocer y prevenir situaciones de desigualdad y violencia, y a adquirir recursos para enfrentar dichas situaciones a trav\u00e9s del empoderamiento personal y colectivo, mejorando nuestro autocuidado y nuestra autoestima.<\/p>\n\n\n\n<figure class=\"wp-block-image size-large\"><img loading=\"lazy\" decoding=\"async\" width=\"1024\" height=\"669\" src=\"http:\/\/cultivandoigualdad.org\/ci\/wp-content\/uploads\/2025\/05\/Reconocimiento-violencia-y-empoderamiento-femenino-1024x669.jpg\" alt=\"\" class=\"wp-image-1265\" srcset=\"http:\/\/cultivandoigualdad.org\/ci\/wp-content\/uploads\/2025\/05\/Reconocimiento-violencia-y-empoderamiento-femenino-1024x669.jpg 1024w, http:\/\/cultivandoigualdad.org\/ci\/wp-content\/uploads\/2025\/05\/Reconocimiento-violencia-y-empoderamiento-femenino-300x196.jpg 300w, http:\/\/cultivandoigualdad.org\/ci\/wp-content\/uploads\/2025\/05\/Reconocimiento-violencia-y-empoderamiento-femenino-768x502.jpg 768w, http:\/\/cultivandoigualdad.org\/ci\/wp-content\/uploads\/2025\/05\/Reconocimiento-violencia-y-empoderamiento-femenino-1536x1003.jpg 1536w, http:\/\/cultivandoigualdad.org\/ci\/wp-content\/uploads\/2025\/05\/Reconocimiento-violencia-y-empoderamiento-femenino-92x60.jpg 92w, http:\/\/cultivandoigualdad.org\/ci\/wp-content\/uploads\/2025\/05\/Reconocimiento-violencia-y-empoderamiento-femenino.jpg 1863w\" sizes=\"auto, (max-width: 1024px) 100vw, 1024px\" \/><\/figure>\n<\/div>\n\n\n\n<div class=\"wp-block-column is-layout-flow wp-block-column-is-layout-flow\">\n<h2 class=\"wp-block-heading\"><strong><strong>Masculinidades no violentas y corresponsabilidad<\/strong><\/strong><\/h2>\n\n\n\n<p>Aqu\u00ed reflexionaremos sobre los roles y mandatos de g\u00e9nero que hemos interiorizado al socializarnos como mujeres u hombres y que perpet\u00faan la desigualdad, limitando nuestras posibilidades de desarrollo y generando relaciones de dominaci\u00f3n y violencia entre mujeres y hombres. Se promover\u00e1 la corresponsabilidad y la distribuci\u00f3n equitativa de tareas de cuidados y dom\u00e9sticas entre mujeres y hombres en el \u00e1mbito familiar y de la pareja.<\/p>\n\n\n\n<figure class=\"wp-block-image size-full\"><img loading=\"lazy\" decoding=\"async\" width=\"600\" height=\"450\" src=\"http:\/\/cultivandoigualdad.org\/ci\/wp-content\/uploads\/2023\/02\/TallerEmpoderamiento.jpg\" alt=\"\" class=\"wp-image-1068\" srcset=\"http:\/\/cultivandoigualdad.org\/ci\/wp-content\/uploads\/2023\/02\/TallerEmpoderamiento.jpg 600w, http:\/\/cultivandoigualdad.org\/ci\/wp-content\/uploads\/2023\/02\/TallerEmpoderamiento-300x225.jpg 300w, http:\/\/cultivandoigualdad.org\/ci\/wp-content\/uploads\/2023\/02\/TallerEmpoderamiento-80x60.jpg 80w\" sizes=\"auto, (max-width: 600px) 100vw, 600px\" \/><\/figure>\n<\/div>\n\n\n\n<div class=\"wp-block-column is-layout-flow wp-block-column-is-layout-flow\">\n<h2 class=\"wp-block-heading\"><strong>Situaciones de especial vulnerabilidad<\/strong><\/h2>\n\n\n\n<p>La discriminaci\u00f3n por g\u00e9nero muchas veces no viene sola, y hay muchos tipos de mujeres con situaciones muy diversas que pueden ponerlas en un contexto de vulnerabilidad (mujeres mayores, con discapacidad y\/o diversidad funcional, con dificultades econ\u00f3micas, mujeres migrantes\u2026 ). Este taller est\u00e1 destinado a concienciar sobre todas las discriminaciones m\u00faltiples que existen en el medio rural y sensibilizar acerca de ello, incidiendo sobre el papel del entorno social en el acompa\u00f1amiento de las mujeres para salir de los c\u00edrculos de violencia<\/p>\n\n\n\n<figure class=\"wp-block-image size-large\"><img loading=\"lazy\" decoding=\"async\" width=\"1024\" height=\"865\" src=\"http:\/\/cultivandoigualdad.org\/ci\/wp-content\/uploads\/2025\/05\/Taller-vulnerabilidad-1024x865.jpg\" alt=\"\" class=\"wp-image-1267\" srcset=\"http:\/\/cultivandoigualdad.org\/ci\/wp-content\/uploads\/2025\/05\/Taller-vulnerabilidad-1024x865.jpg 1024w, http:\/\/cultivandoigualdad.org\/ci\/wp-content\/uploads\/2025\/05\/Taller-vulnerabilidad-300x253.jpg 300w, http:\/\/cultivandoigualdad.org\/ci\/wp-content\/uploads\/2025\/05\/Taller-vulnerabilidad-768x649.jpg 768w, http:\/\/cultivandoigualdad.org\/ci\/wp-content\/uploads\/2025\/05\/Taller-vulnerabilidad-71x60.jpg 71w, http:\/\/cultivandoigualdad.org\/ci\/wp-content\/uploads\/2025\/05\/Taller-vulnerabilidad.jpg 1532w\" sizes=\"auto, (max-width: 1024px) 100vw, 1024px\" \/><\/figure>\n<\/div>\n<\/div>\n\n\n\n<h2 class=\"wp-block-heading\">Resultados ediciones anteriores<\/h2>\n\n\n\n<div class=\"wp-block-cover\"><span aria-hidden=\"true\" class=\"wp-block-cover__background has-background-dim\"><\/span><img loading=\"lazy\" decoding=\"async\" width=\"2121\" height=\"1414\" class=\"wp-block-cover__image-background wp-image-43\" alt=\"\" src=\"http:\/\/cultivandoigualdad.org\/ci\/wp-content\/uploads\/2020\/03\/Mano-tiza.jpg\" data-object-fit=\"cover\" srcset=\"http:\/\/cultivandoigualdad.org\/ci\/wp-content\/uploads\/2020\/03\/Mano-tiza.jpg 2121w, http:\/\/cultivandoigualdad.org\/ci\/wp-content\/uploads\/2020\/03\/Mano-tiza-300x200.jpg 300w, http:\/\/cultivandoigualdad.org\/ci\/wp-content\/uploads\/2020\/03\/Mano-tiza-1024x683.jpg 1024w, http:\/\/cultivandoigualdad.org\/ci\/wp-content\/uploads\/2020\/03\/Mano-tiza-768x512.jpg 768w, http:\/\/cultivandoigualdad.org\/ci\/wp-content\/uploads\/2020\/03\/Mano-tiza-1536x1024.jpg 1536w, http:\/\/cultivandoigualdad.org\/ci\/wp-content\/uploads\/2020\/03\/Mano-tiza-2048x1365.jpg 2048w\" sizes=\"auto, (max-width: 2121px) 100vw, 2121px\" \/><div class=\"wp-block-cover__inner-container is-layout-flow wp-block-cover-is-layout-flow\">\n<p class=\"has-text-align-center\" style=\"font-size:22px\">Desde que se inici\u00f3 el programa en 2020, m\u00e1s de 2.100 personas adultas, tanto mujeres como hombres han participado en los talleres de sensibilizaci\u00f3n de Cultivando Igualdad residentes en municipios rurales de menos de 20.000 habitantes.<\/p>\n<\/div><\/div>\n\n\n\n<p><\/p>\n","protected":false},"excerpt":{"rendered":"<p>Est\u00e1n dirigidos a hombres y mujeres rurales, y promueven la participaci\u00f3n de ambos para desnaturalizar los roles de g\u00e9nero asignados a mujeres y hombres que &hellip; <\/p>\n","protected":false},"author":1,"featured_media":0,"parent":0,"menu_order":0,"comment_status":"closed","ping_status":"closed","template":"","meta":{"footnotes":""},"class_list":["post-805","page","type-page","status-publish","hentry","latest_post"],"_links":{"self":[{"href":"http:\/\/cultivandoigualdad.org\/ci\/index.php\/wp-json\/wp\/v2\/pages\/805","targetHints":{"allow":["GET"]}}],"collection":[{"href":"http:\/\/cultivandoigualdad.org\/ci\/index.php\/wp-json\/wp\/v2\/pages"}],"about":[{"href":"http:\/\/cultivandoigualdad.org\/ci\/index.php\/wp-json\/wp\/v2\/types\/page"}],"author":[{"embeddable":true,"href":"http:\/\/cultivandoigualdad.org\/ci\/index.php\/wp-json\/wp\/v2\/users\/1"}],"replies":[{"embeddable":true,"href":"http:\/\/cultivandoigualdad.org\/ci\/index.php\/wp-json\/wp\/v2\/comments?post=805"}],"version-history":[{"count":25,"href":"http:\/\/cultivandoigualdad.org\/ci\/index.php\/wp-json\/wp\/v2\/pages\/805\/revisions"}],"predecessor-version":[{"id":1268,"href":"http:\/\/cultivandoigualdad.org\/ci\/index.php\/wp-json\/wp\/v2\/pages\/805\/revisions\/1268"}],"wp:attachment":[{"href":"http:\/\/cultivandoigualdad.org\/ci\/index.php\/wp-json\/wp\/v2\/media?parent=805"}],"curies":[{"name":"wp","href":"https:\/\/api.w.org\/{rel}","templated":true}]}}