{"id":469,"date":"2020-05-05T10:15:11","date_gmt":"2020-05-05T10:15:11","guid":{"rendered":"http:\/\/cultivandoigualdad.org\/ci\/?page_id=469"},"modified":"2025-05-26T15:50:08","modified_gmt":"2025-05-26T15:50:08","slug":"cultivando-igualdad","status":"publish","type":"page","link":"http:\/\/cultivandoigualdad.org\/ci\/index.php\/cultivando-igualdad","title":{"rendered":"Cultivando Igualdad"},"content":{"rendered":"\n<p>El programa Cultivando Igualdad surge tras casi 20 a\u00f1os de experiencia trabajando con mujeres rurales, en los que FADEMUR se da cuenta como organizaci\u00f3n que lucha por la igualdad entre mujeres y hombres, de la situaci\u00f3n de especial vulnerabilidad que tienen las mujeres rurales ante la Violencia de G\u00e9nero.<\/p>\n\n\n<div class=\"wp-block-image\">\n<figure class=\"aligncenter size-full\"><img loading=\"lazy\" decoding=\"async\" width=\"542\" height=\"768\" src=\"http:\/\/cultivandoigualdad.org\/ci\/wp-content\/uploads\/2025\/05\/Cartel-Cultivando-Igualdad-2025-1.jpg\" alt=\"\" class=\"wp-image-1235\" srcset=\"http:\/\/cultivandoigualdad.org\/ci\/wp-content\/uploads\/2025\/05\/Cartel-Cultivando-Igualdad-2025-1.jpg 542w, http:\/\/cultivandoigualdad.org\/ci\/wp-content\/uploads\/2025\/05\/Cartel-Cultivando-Igualdad-2025-1-212x300.jpg 212w, http:\/\/cultivandoigualdad.org\/ci\/wp-content\/uploads\/2025\/05\/Cartel-Cultivando-Igualdad-2025-1-42x60.jpg 42w\" sizes=\"auto, (max-width: 542px) 100vw, 542px\" \/><\/figure><\/div>\n\n\n<div class=\"wp-block-file aligncenter\"><a href=\"http:\/\/cultivandoigualdad.org\/ci\/wp-content\/uploads\/2025\/05\/Cartel-Cultivando-Igualdad-2025-2.jpg\" class=\"wp-block-file__button wp-element-button\" download>Descarga el cartel<\/a><\/div>\n\n\n\n<p>Gracias a la realizaci\u00f3n del primer estudio sobre la situaci\u00f3n de las mujeres v\u00edctimas de violencia de g\u00e9nero en el medio rural que la Delegaci\u00f3n del Gobierno Contra la Violencia de g\u00e9nero encarg\u00f3 a FADEMUR para dar cumplimiento a una de las medidas del Pacto de Estado contra la Violencia de G\u00e9nero, pudimos corroborar lo que nuestra experiencia se\u00f1alaba: la falta de oportunidades laborales y educativas para las mujeres en el medio rural, las dificultades en el acceso a los recursos especializados en Violencia de G\u00e9nero, la falta de anonimato respecto a los\/las profesionales de los servicios de atenci\u00f3n a las v\u00edctimas, la dificultad para cumplir \u00f3rdenes de alejamiento, el control social y la pervivencia de roles tradicionales sexistas son algunos de los factores que aumentan el riesgo de que las mujeres rurales sufran Violencia de G\u00e9nero.<\/p>\n\n\n\n<div class=\"wp-block-file aligncenter\"><a href=\"http:\/\/cultivandoigualdad.org\/ci\/wp-content\/uploads\/2022\/07\/estudio_FADEMUR_vg_mundo_rural.pdf\" class=\"wp-block-file__button wp-element-button\" download>Descarga el estudio<\/a><\/div>\n\n\n\n<p>En FADEMUR, trabajamos desde el compromiso firme de luchar contra esta lacra social y mejorar la situaci\u00f3n de las v\u00edctimas, y en particular de las que lo sufren en las zonas rurales del territorio espa\u00f1ol. Con estos objetivos y para poder dar respuesta a muchas de las necesidades detectadas en el estudio, en 2020 pusimos en marcha el programa Cultivando Igualdad, que en este a\u00f1o 2025 est\u00e1 desarrollando su sexta edici\u00f3n.<\/p>\n\n\n\n<p>Descarga el d\u00edptico para conocer todas las actividades.<\/p>\n\n\n\n<hr class=\"wp-block-separator has-css-opacity\"\/>\n\n\n<figure class=\"wp-block-image size-large is-style-circle-mask\"><a href=\"http:\/\/cultivandoigualdad.org\/ci\/wp-content\/uploads\/2025\/05\/Dipticos-2025.pdf\" target=\"_blank\" rel=\"noopener\"><img loading=\"lazy\" decoding=\"async\" class=\"aligncenter wp-image-1122 size-medium\" src=\"http:\/\/cultivandoigualdad.org\/ci\/wp-content\/uploads\/2023\/09\/SelccionFolleto-300x249.jpg\" alt=\"\" width=\"300\" height=\"249\" srcset=\"http:\/\/cultivandoigualdad.org\/ci\/wp-content\/uploads\/2023\/09\/SelccionFolleto-300x249.jpg 300w, http:\/\/cultivandoigualdad.org\/ci\/wp-content\/uploads\/2023\/09\/SelccionFolleto-1024x850.jpg 1024w, http:\/\/cultivandoigualdad.org\/ci\/wp-content\/uploads\/2023\/09\/SelccionFolleto-768x637.jpg 768w, http:\/\/cultivandoigualdad.org\/ci\/wp-content\/uploads\/2023\/09\/SelccionFolleto-72x60.jpg 72w, http:\/\/cultivandoigualdad.org\/ci\/wp-content\/uploads\/2023\/09\/SelccionFolleto.jpg 1046w\" sizes=\"auto, (max-width: 300px) 100vw, 300px\" \/><\/a><\/figure>\n\n\n<p class=\"has-text-align-center\">Pincha en la imagen para descargar el d\u00edptico<\/p>\n","protected":false},"excerpt":{"rendered":"<p>El programa Cultivando Igualdad surge tras casi 20 a\u00f1os de experiencia trabajando con mujeres rurales, en los que FADEMUR se da cuenta como organizaci\u00f3n que &hellip; <\/p>\n","protected":false},"author":1,"featured_media":0,"parent":0,"menu_order":0,"comment_status":"closed","ping_status":"closed","template":"","meta":{"footnotes":""},"class_list":["post-469","page","type-page","status-publish","hentry","latest_post"],"_links":{"self":[{"href":"http:\/\/cultivandoigualdad.org\/ci\/index.php\/wp-json\/wp\/v2\/pages\/469","targetHints":{"allow":["GET"]}}],"collection":[{"href":"http:\/\/cultivandoigualdad.org\/ci\/index.php\/wp-json\/wp\/v2\/pages"}],"about":[{"href":"http:\/\/cultivandoigualdad.org\/ci\/index.php\/wp-json\/wp\/v2\/types\/page"}],"author":[{"embeddable":true,"href":"http:\/\/cultivandoigualdad.org\/ci\/index.php\/wp-json\/wp\/v2\/users\/1"}],"replies":[{"embeddable":true,"href":"http:\/\/cultivandoigualdad.org\/ci\/index.php\/wp-json\/wp\/v2\/comments?post=469"}],"version-history":[{"count":40,"href":"http:\/\/cultivandoigualdad.org\/ci\/index.php\/wp-json\/wp\/v2\/pages\/469\/revisions"}],"predecessor-version":[{"id":1247,"href":"http:\/\/cultivandoigualdad.org\/ci\/index.php\/wp-json\/wp\/v2\/pages\/469\/revisions\/1247"}],"wp:attachment":[{"href":"http:\/\/cultivandoigualdad.org\/ci\/index.php\/wp-json\/wp\/v2\/media?parent=469"}],"curies":[{"name":"wp","href":"https:\/\/api.w.org\/{rel}","templated":true}]}}