{"id":1132,"date":"2024-02-05T13:26:29","date_gmt":"2024-02-05T13:26:29","guid":{"rendered":"http:\/\/cultivandoigualdad.org\/ci\/?page_id=1132"},"modified":"2025-05-27T10:13:13","modified_gmt":"2025-05-27T10:13:13","slug":"talleres-de-autodefensa-feminista","status":"publish","type":"page","link":"http:\/\/cultivandoigualdad.org\/ci\/index.php\/talleres-de-autodefensa-feminista","title":{"rendered":"Talleres de Autodefensa feminista"},"content":{"rendered":"\n<div class=\"wp-block-columns is-layout-flex wp-container-core-columns-is-layout-1 wp-block-columns-is-layout-flex\">\n<div class=\"wp-block-column is-layout-flow wp-block-column-is-layout-flow\" style=\"flex-basis:100%\">\n<p>Uno de los principales problemas que afrontan las mujeres ante la violencia machista en el \u00e1mbito rural es la escasez y lejan\u00eda de los recursos, lo cual puede generar situaciones de indefensi\u00f3n.<\/p>\n\n\n\n<p>Frente a esta situaci\u00f3n de desprotecci\u00f3n, desde Cultivando Igualdad perseguimos el empoderamiento de las mujeres y el fortalecimiento de sus habilidades f\u00edsicas, psicol\u00f3gicas y personales desde un enfoque feminista. Un importante instrumento de protecci\u00f3n frente a las diferentes manifestaciones de la violencia contra las mujeres, es la autodefensa personal.<\/p>\n\n\n\n<p>Por este motivo, desde el a\u00f1o 2023, ofrecemos Talleres de Autodefensa Feminista Integral para mujeres rurales pudiendo realizar tres tipos de talleres: autodefensa f\u00edsica, psicol\u00f3gica y digital. Estos dos \u00faltimos podr\u00e1n realizarse tanto en formato presencial como en formato online.<\/p>\n<\/div>\n<\/div>\n\n\n<div class=\"wp-block-image\">\n<figure class=\"aligncenter size-full is-resized\"><img loading=\"lazy\" decoding=\"async\" width=\"640\" height=\"382\" src=\"http:\/\/cultivandoigualdad.org\/ci\/wp-content\/uploads\/2025\/05\/Autodefensa-psicologica.jpg\" alt=\"\" class=\"wp-image-1288\" style=\"width:745px;height:auto\" srcset=\"http:\/\/cultivandoigualdad.org\/ci\/wp-content\/uploads\/2025\/05\/Autodefensa-psicologica.jpg 640w, http:\/\/cultivandoigualdad.org\/ci\/wp-content\/uploads\/2025\/05\/Autodefensa-psicologica-300x179.jpg 300w, http:\/\/cultivandoigualdad.org\/ci\/wp-content\/uploads\/2025\/05\/Autodefensa-psicologica-101x60.jpg 101w\" sizes=\"auto, (max-width: 640px) 100vw, 640px\" \/><\/figure><\/div>\n\n\n<h2 class=\"wp-block-heading\">Resumen Resultados 2023-2024<\/h2>\n\n\n\n<div class=\"wp-block-cover\"><span aria-hidden=\"true\" class=\"wp-block-cover__background has-background-dim-20 has-background-dim\" style=\"background-color:#807b72\"><\/span><img loading=\"lazy\" decoding=\"async\" width=\"2560\" height=\"1520\" class=\"wp-block-cover__image-background wp-image-1282\" alt=\"\" src=\"http:\/\/cultivandoigualdad.org\/ci\/wp-content\/uploads\/2025\/05\/Autodefensa-psicologica-2-scaled.jpg\" data-object-fit=\"cover\" srcset=\"http:\/\/cultivandoigualdad.org\/ci\/wp-content\/uploads\/2025\/05\/Autodefensa-psicologica-2-scaled.jpg 2560w, http:\/\/cultivandoigualdad.org\/ci\/wp-content\/uploads\/2025\/05\/Autodefensa-psicologica-2-300x178.jpg 300w, http:\/\/cultivandoigualdad.org\/ci\/wp-content\/uploads\/2025\/05\/Autodefensa-psicologica-2-1024x608.jpg 1024w, http:\/\/cultivandoigualdad.org\/ci\/wp-content\/uploads\/2025\/05\/Autodefensa-psicologica-2-768x456.jpg 768w, http:\/\/cultivandoigualdad.org\/ci\/wp-content\/uploads\/2025\/05\/Autodefensa-psicologica-2-1536x912.jpg 1536w, http:\/\/cultivandoigualdad.org\/ci\/wp-content\/uploads\/2025\/05\/Autodefensa-psicologica-2-2048x1216.jpg 2048w, http:\/\/cultivandoigualdad.org\/ci\/wp-content\/uploads\/2025\/05\/Autodefensa-psicologica-2-101x60.jpg 101w\" sizes=\"auto, (max-width: 2560px) 100vw, 2560px\" \/><div class=\"wp-block-cover__inner-container is-layout-flow wp-block-cover-is-layout-flow\">\n<p class=\"has-text-align-center has-white-color has-text-color has-link-color wp-elements-6cbbdfcdbaa3407bd0628c825f283211\">Entre los a\u00f1os 2023 y 2024 se han realizado 18 talleres (7 autodefensa f\u00edsica, 6 autodefensa psicol\u00f3gica y 5 autodefensa digital), formando a 195 mujeres rurales en autodefensa feminista.<\/p>\n<\/div><\/div>\n\n\n\n<figure class=\"wp-block-image size-large\"><img loading=\"lazy\" decoding=\"async\" width=\"1024\" height=\"611\" src=\"http:\/\/cultivandoigualdad.org\/ci\/wp-content\/uploads\/2025\/05\/Autodefensa-fisica-1024x611.jpg\" alt=\"\" class=\"wp-image-1284\" srcset=\"http:\/\/cultivandoigualdad.org\/ci\/wp-content\/uploads\/2025\/05\/Autodefensa-fisica-1024x611.jpg 1024w, http:\/\/cultivandoigualdad.org\/ci\/wp-content\/uploads\/2025\/05\/Autodefensa-fisica-300x179.jpg 300w, http:\/\/cultivandoigualdad.org\/ci\/wp-content\/uploads\/2025\/05\/Autodefensa-fisica-768x459.jpg 768w, http:\/\/cultivandoigualdad.org\/ci\/wp-content\/uploads\/2025\/05\/Autodefensa-fisica-1536x917.jpg 1536w, http:\/\/cultivandoigualdad.org\/ci\/wp-content\/uploads\/2025\/05\/Autodefensa-fisica-2048x1223.jpg 2048w, http:\/\/cultivandoigualdad.org\/ci\/wp-content\/uploads\/2025\/05\/Autodefensa-fisica-100x60.jpg 100w\" sizes=\"auto, (max-width: 1024px) 100vw, 1024px\" \/><\/figure>\n","protected":false},"excerpt":{"rendered":"<p>Uno de los principales problemas que afrontan las mujeres ante la violencia machista en el \u00e1mbito rural es la escasez y lejan\u00eda de los recursos, &hellip; <\/p>\n","protected":false},"author":1,"featured_media":0,"parent":0,"menu_order":0,"comment_status":"closed","ping_status":"closed","template":"","meta":{"footnotes":""},"class_list":["post-1132","page","type-page","status-publish","hentry","latest_post"],"_links":{"self":[{"href":"http:\/\/cultivandoigualdad.org\/ci\/index.php\/wp-json\/wp\/v2\/pages\/1132","targetHints":{"allow":["GET"]}}],"collection":[{"href":"http:\/\/cultivandoigualdad.org\/ci\/index.php\/wp-json\/wp\/v2\/pages"}],"about":[{"href":"http:\/\/cultivandoigualdad.org\/ci\/index.php\/wp-json\/wp\/v2\/types\/page"}],"author":[{"embeddable":true,"href":"http:\/\/cultivandoigualdad.org\/ci\/index.php\/wp-json\/wp\/v2\/users\/1"}],"replies":[{"embeddable":true,"href":"http:\/\/cultivandoigualdad.org\/ci\/index.php\/wp-json\/wp\/v2\/comments?post=1132"}],"version-history":[{"count":5,"href":"http:\/\/cultivandoigualdad.org\/ci\/index.php\/wp-json\/wp\/v2\/pages\/1132\/revisions"}],"predecessor-version":[{"id":1289,"href":"http:\/\/cultivandoigualdad.org\/ci\/index.php\/wp-json\/wp\/v2\/pages\/1132\/revisions\/1289"}],"wp:attachment":[{"href":"http:\/\/cultivandoigualdad.org\/ci\/index.php\/wp-json\/wp\/v2\/media?parent=1132"}],"curies":[{"name":"wp","href":"https:\/\/api.w.org\/{rel}","templated":true}]}}