{"id":1043,"date":"2023-02-15T16:17:09","date_gmt":"2023-02-15T16:17:09","guid":{"rendered":"http:\/\/cultivandoigualdad.org\/ci\/?page_id=1043"},"modified":"2025-05-27T10:16:00","modified_gmt":"2025-05-27T10:16:00","slug":"talleres-con-ninas-y-ninos","status":"publish","type":"page","link":"http:\/\/cultivandoigualdad.org\/ci\/index.php\/talleres-con-ninas-y-ninos","title":{"rendered":"Talleres para ni\u00f1as y ni\u00f1os"},"content":{"rendered":"\n<p>En el a\u00f1o 2023 pusimos en marcha por primera vez los talleres \u201cCrecer cultivando Igualdad\u201d dirigidos a ni\u00f1as y ni\u00f1os de educaci\u00f3n infantil (3 a 6 a\u00f1os) y primaria (6 a 12 a\u00f1os). De esta manera, ampliamos tambi\u00e9n a la poblaci\u00f3n infantil nuestras actuaciones de sensibilizaci\u00f3n y prevenci\u00f3n, porque sabemos que cuanto antes se empiece a cultivar las semillas de igualdad, antes recogeremos sus frutos.<\/p>\n\n\n\n<figure class=\"wp-block-gallery has-nested-images columns-default is-cropped wp-block-gallery-1 is-layout-flex wp-block-gallery-is-layout-flex\">\n<figure class=\"wp-block-image size-large\"><img loading=\"lazy\" decoding=\"async\" width=\"933\" height=\"726\" data-id=\"1148\" src=\"http:\/\/cultivandoigualdad.org\/ci\/wp-content\/uploads\/2024\/02\/Talleres-ninos-23-1.jpg\" alt=\"\" class=\"wp-image-1148\" srcset=\"http:\/\/cultivandoigualdad.org\/ci\/wp-content\/uploads\/2024\/02\/Talleres-ninos-23-1.jpg 933w, http:\/\/cultivandoigualdad.org\/ci\/wp-content\/uploads\/2024\/02\/Talleres-ninos-23-1-300x233.jpg 300w, http:\/\/cultivandoigualdad.org\/ci\/wp-content\/uploads\/2024\/02\/Talleres-ninos-23-1-768x598.jpg 768w, http:\/\/cultivandoigualdad.org\/ci\/wp-content\/uploads\/2024\/02\/Talleres-ninos-23-1-77x60.jpg 77w\" sizes=\"auto, (max-width: 933px) 100vw, 933px\" \/><\/figure>\n\n\n\n<figure class=\"wp-block-image size-large\"><img loading=\"lazy\" decoding=\"async\" width=\"1024\" height=\"576\" data-id=\"1147\" src=\"http:\/\/cultivandoigualdad.org\/ci\/wp-content\/uploads\/2024\/02\/Talleres-ninos-23-2-1024x576.jpg\" alt=\"\" class=\"wp-image-1147\" srcset=\"http:\/\/cultivandoigualdad.org\/ci\/wp-content\/uploads\/2024\/02\/Talleres-ninos-23-2-1024x576.jpg 1024w, http:\/\/cultivandoigualdad.org\/ci\/wp-content\/uploads\/2024\/02\/Talleres-ninos-23-2-300x169.jpg 300w, http:\/\/cultivandoigualdad.org\/ci\/wp-content\/uploads\/2024\/02\/Talleres-ninos-23-2-768x432.jpg 768w, http:\/\/cultivandoigualdad.org\/ci\/wp-content\/uploads\/2024\/02\/Talleres-ninos-23-2-107x60.jpg 107w, http:\/\/cultivandoigualdad.org\/ci\/wp-content\/uploads\/2024\/02\/Talleres-ninos-23-2-840x473.jpg 840w, http:\/\/cultivandoigualdad.org\/ci\/wp-content\/uploads\/2024\/02\/Talleres-ninos-23-2.jpg 1299w\" sizes=\"auto, (max-width: 1024px) 100vw, 1024px\" \/><\/figure>\n<\/figure>\n\n\n\n<hr class=\"wp-block-separator has-alpha-channel-opacity is-style-dots\"\/>\n\n\n\n<p class=\"has-large-font-size\"><strong>Resumen Resultados 2023<\/strong>-2024<\/p>\n\n\n\n<div class=\"wp-block-cover\"><span aria-hidden=\"true\" class=\"wp-block-cover__background has-background-dim\"><\/span><img loading=\"lazy\" decoding=\"async\" width=\"1254\" height=\"836\" class=\"wp-block-cover__image-background wp-image-1044\" alt=\"\" src=\"http:\/\/cultivandoigualdad.org\/ci\/wp-content\/uploads\/2023\/02\/TalleresInfantiles.jpg\" data-object-fit=\"cover\" srcset=\"http:\/\/cultivandoigualdad.org\/ci\/wp-content\/uploads\/2023\/02\/TalleresInfantiles.jpg 1254w, http:\/\/cultivandoigualdad.org\/ci\/wp-content\/uploads\/2023\/02\/TalleresInfantiles-300x200.jpg 300w, http:\/\/cultivandoigualdad.org\/ci\/wp-content\/uploads\/2023\/02\/TalleresInfantiles-1024x683.jpg 1024w, http:\/\/cultivandoigualdad.org\/ci\/wp-content\/uploads\/2023\/02\/TalleresInfantiles-768x512.jpg 768w, http:\/\/cultivandoigualdad.org\/ci\/wp-content\/uploads\/2023\/02\/TalleresInfantiles-90x60.jpg 90w, http:\/\/cultivandoigualdad.org\/ci\/wp-content\/uploads\/2023\/02\/TalleresInfantiles-420x280.jpg 420w\" sizes=\"auto, (max-width: 1254px) 100vw, 1254px\" \/><div class=\"wp-block-cover__inner-container is-layout-constrained wp-block-cover-is-layout-constrained\">\n<p class=\"has-text-align-center\" style=\"font-size:30px\">En total, se han realizado 75 talleres en todo el territorio nacional, en los que han participado 1.633 ni\u00f1as y ni\u00f1as de edades entre 3 y 12 a\u00f1os.<\/p>\n<\/div><\/div>\n","protected":false},"excerpt":{"rendered":"<p>En el a\u00f1o 2023 pusimos en marcha por primera vez los talleres \u201cCrecer cultivando Igualdad\u201d dirigidos a ni\u00f1as y ni\u00f1os de educaci\u00f3n infantil (3 a &hellip; <\/p>\n","protected":false},"author":1,"featured_media":0,"parent":0,"menu_order":0,"comment_status":"closed","ping_status":"closed","template":"","meta":{"footnotes":""},"class_list":["post-1043","page","type-page","status-publish","hentry","latest_post"],"_links":{"self":[{"href":"http:\/\/cultivandoigualdad.org\/ci\/index.php\/wp-json\/wp\/v2\/pages\/1043","targetHints":{"allow":["GET"]}}],"collection":[{"href":"http:\/\/cultivandoigualdad.org\/ci\/index.php\/wp-json\/wp\/v2\/pages"}],"about":[{"href":"http:\/\/cultivandoigualdad.org\/ci\/index.php\/wp-json\/wp\/v2\/types\/page"}],"author":[{"embeddable":true,"href":"http:\/\/cultivandoigualdad.org\/ci\/index.php\/wp-json\/wp\/v2\/users\/1"}],"replies":[{"embeddable":true,"href":"http:\/\/cultivandoigualdad.org\/ci\/index.php\/wp-json\/wp\/v2\/comments?post=1043"}],"version-history":[{"count":7,"href":"http:\/\/cultivandoigualdad.org\/ci\/index.php\/wp-json\/wp\/v2\/pages\/1043\/revisions"}],"predecessor-version":[{"id":1226,"href":"http:\/\/cultivandoigualdad.org\/ci\/index.php\/wp-json\/wp\/v2\/pages\/1043\/revisions\/1226"}],"wp:attachment":[{"href":"http:\/\/cultivandoigualdad.org\/ci\/index.php\/wp-json\/wp\/v2\/media?parent=1043"}],"curies":[{"name":"wp","href":"https:\/\/api.w.org\/{rel}","templated":true}]}}